{"id":19,"date":"2020-08-29T02:31:20","date_gmt":"2020-08-29T07:31:20","guid":{"rendered":"https:\/\/transformatusalud.com.mx\/pc\/?page_id=19"},"modified":"2025-10-29T06:06:39","modified_gmt":"2025-10-29T12:06:39","slug":"solicitud-de-preconsulta","status":"publish","type":"page","link":"https:\/\/useic.com.mx\/pc\/","title":{"rendered":""},"content":{"rendered":"\n<p style=\"text-align:center\"><span style=\"font-size:28px\"><span style=\"font-family:Trebuchet MS,Helvetica,sans-serif\">SISTEMA DE PRECONSULTA<\/span><\/span><\/p>\n\n<p style=\"text-align:center\"><span style=\"color:#0077c4; font-family:&quot;Trebuchet MS&quot;,Helvetica,sans-serif; font-size:22px\">Te damos la bienvenida a la plataforma de registro para solicitud de preconsulta USEIC-IPN.<\/span><\/p>\n\n<p style=\"text-align:center\"><span style=\"font-size:22px\"><span style=\"font-family:Trebuchet MS,Helvetica,sans-serif\"><span style=\"color:#0077c4\">Por favor, llena todos los campos que solicitamos.&nbsp;<\/span><br>\n<span style=\"color:#0077c4\">Tu informaci\u00f3n ser\u00e1 revisada y evaluada por nuestro personal m\u00e9dico para asignarte una consulta.<\/span><\/span><\/span><\/p>\n\n<p style=\"text-align:center\"><span style=\"color:#93073e; font-family:Tahoma,Geneva,sans-serif; font-size:20px\">Si tienes alguna duda, comun\u00edcate v\u00eda whatsapp al <\/span><span style=\"color:#93073e; font-family:Tahoma,Geneva,sans-serif; font-size:20px\"><a href=\"https:\/\/api.whatsapp.com\/send?phone=525539961957&amp;text=%C2%A1Hola!,%20me%20interesan%20sus%20servicios.\" rel=\"noopener noreferrer\" target=\"_blank\">56 3799 9977<\/a><\/span><\/p>\n\n\n\n<p class=\"has-text-align-center\"><strong>Si no conoces tu CURP, cons\u00faltalo <a rel=\"noreferrer noopener\" href=\"https:\/\/www.gob.mx\/curp\/\" target=\"_blank\">aqu\u00ed<\/a> antes de llenar tu solicitud de pre consulta<\/strong><\/p>\n\n\n\n<p style=\"text-align:center\"><strong><span style=\"color:#0000ff\">Todos los campos marcados con<\/span> <span style=\"color:#ff0000\">*<\/span> <span style=\"color:#0000ff\">son obligatorios, verificar todos los campos antes de enviar el formulario<\/span><\/strong><\/p>\n\n\n\n<p style=\"text-align:center\"><strong><span style=\"color:#0000ff\">Al enviar su formulario su informaci\u00f3n ser\u00e1 revisada por nuestro equipo m\u00e9dico. Por favor espere de 3 a 5 d\u00edas h\u00e1biles para recibir una respuesta sobre el estatus de su solicitud. En caso de no ser contactado por favor comun\u00edcate v\u00eda WhatsApp al 5637999977, sugerimos registrar este n\u00famero como USEIC-IPN para futuras comunicaciones.<\/span><\/strong><\/p>\n\n\n\n<p><em>        <form enctype=\"multipart\/form-data\" method=\"post\" id=\"wppb-register-user\" class=\"wppb-user-forms wppb-register-user wppb-user-logged-out\" action=\"https:\/\/useic.com.mx\/pc\/wp-json\/wp\/v2\/pages\/19\">\n\t\t\t<ul><li class=\"wppb-form-field wppb-default-display-name-publicly-as pbpl-class\" id=\"wppb-form-element-6\"><\/li><li class=\"wppb-form-field wppb-default-name-heading pbpl-class\" id=\"wppb-form-element-1\"><h4>Registro Preconsulta<\/h4><span class=\"wppb-description-delimiter \"><\/span><\/li><li class=\"wppb-form-field wppb-default-username pbpl-class\" id=\"wppb-form-element-2\">\n\t\t\t<label for=\"username\">CURP<span class=\"wppb-required\" title=\"This field is required\">*<\/span><\/label>\n\t\t\t<input class=\"text-input default_field_username \" name=\"username\" maxlength=\"70\" type=\"text\" id=\"username\" value=\"\"  placeholder = \"CURP*\"\/><span class=\"wppb-description-delimiter\">EL CURP corresponde al paciente (18 d\u00edgitos)<\/span><\/li><li class=\"wppb-form-field wppb-default-first-name pbpl-class\" id=\"wppb-form-element-3\">\n\t\t\t<label for=\"first_name\">Nombre<span class=\"wppb-required\" title=\"This field is required\">*<\/span><\/label>\n\t\t\t<input class=\"text-input default_field_firstname \" name=\"first_name\" maxlength=\"70\" type=\"text\" id=\"first_name\" value=\"\" placeholder = \"Nombre*\" \/><\/li><li class=\"wppb-form-field wppb-default-last-name pbpl-class\" id=\"wppb-form-element-4\">\n\t\t\t<label for=\"last_name\">Apellidos<span class=\"wppb-required\" title=\"This field is required\">*<\/span><\/label>\n\t\t\t<input class=\"text-input default_field_lastname \" name=\"last_name\" maxlength=\"70\" type=\"text\" id=\"last_name\" value=\"\" placeholder = \"Apellidos*\"\/><\/li><li class=\"wppb-form-field wppb-default-e-mail pbpl-class\" id=\"wppb-form-element-8\">\n\t\t\t<label for=\"email\">E-mail<span class=\"wppb-required\" title=\"This field is required\">*<\/span><\/label>\n\t\t\t<input class=\"text-input default_field_email \" name=\"email\" maxlength=\"70\" type=\"email\" id=\"email\" value=\"\" placeholder = \"E-mail*\"  \/><\/li><li class=\"wppb-form-field wppb-default-display-name-publicly-as pbpl-class\" id=\"wppb-form-element-6\"><\/li><li class=\"wppb-form-field wppb-number pbpl-class\" id=\"wppb-form-element-5\">\n\t\t\t\t<label for=\"edad\">Edad<span class=\"wppb-required\" title=\"This field is required\">*<\/span><\/label>\n\t\t\t\t<input class=\"extra_field_number \" name=\"edad\" maxlength=\"70\" step=\"any\" type=\"number\" min=\"0\" max=\"100\" id=\"edad\" value=\"\" placeholder = \"Edad*\"\/><\/li><li class=\"wppb-form-field wppb-radio pbpl-class\" id=\"wppb-form-element-9\">\n\t\t\t\t<label for=\"sexo\">Sexo<span class=\"wppb-required\" title=\"This field is required\">*<\/span><\/label><ul class=\"wppb-radios\"><li><input value=\"Femenino\" class=\"custom_field_radio \" id=\"femenino_9\" name=\"sexo\" type=\"radio\"   \/><label for=\"femenino_9\" class=\"wppb-rc-value\">Femenino<\/label><\/li><li><input value=\"Masculino\" class=\"custom_field_radio \" id=\"masculino_9\" name=\"sexo\" type=\"radio\"   \/><label for=\"masculino_9\" class=\"wppb-rc-value\">Masculino<\/label><\/li><\/ul><\/li><li class=\"wppb-form-field wppb-phone pbpl-class\" id=\"wppb-form-element-14\">\n\t\t\t\t<label for=\"telefono\">Tel\u00e9fono de contacto (debe de ser el que utilice el paciente)<span class=\"wppb-required\" title=\"This field is required\">*<\/span><\/label>\n\t\t\t\t<input data-phone-format=\"{&quot;phone_data&quot;:0}\" class=\"extra_field_phone \" name=\"telefono\" maxlength=\"70\" type=\"text\" id=\"telefono\" value=\"\" placeholder = \"Tel\u00e9fono de contacto (debe de ser el que utilice el paciente)*\"\/><span class=\"wppb-description-delimiter\">Solo se admiten 10 d\u00edgitos<\/span><\/li><li class=\"wppb-form-field wppb-input pbpl-class\" id=\"wppb-form-element-17\">\n\t\t\t\t<label for=\"ciudad\">Alcald\u00eda,municipio o ciudad<span class=\"wppb-required\" title=\"This field is required\">*<\/span><\/label>\n\t\t\t\t<input class=\"extra_field_input \" name=\"ciudad\" maxlength=\"250\" type=\"text\" id=\"ciudad\" value=\"\" placeholder = \"Alcald\u00eda,municipio o ciudad*\"\/><\/li><li class=\"wppb-form-field wppb-heading pbpl-class\" id=\"wppb-form-element-18\"><h5 class=\"extra_field_heading\">Datos de Diagn\u00f3stico<\/h5><span class=\"wppb-description-delimiter\"><\/span><\/li><li class=\"wppb-form-field wppb-textarea pbpl-class\" id=\"wppb-form-element-19\">\n\t\t\t\t<label for=\"diagnostico\">Diagn\u00f3stico (Enfermedad que tu m\u00e9dico te ha dicho que tienes)<\/label>\n\t\t\t\t<textarea rows=\"3\" name=\"diagnostico\" maxlength=\"\" class=\"custom_field_textarea \" id=\"diagnostico\" wrap=\"virtual\" placeholder = \"Diagn\u00f3stico (Enfermedad que tu m\u00e9dico te ha dicho que tienes)\"><\/textarea><\/li><li class=\"wppb-form-field wppb-heading pbpl-class\" id=\"wppb-form-element-52\"><h4 class=\"extra_field_heading\">Familiar responsable o contacto<\/h4><span class=\"wppb-description-delimiter\"><\/span><\/li><li class=\"wppb-form-field wppb-textarea pbpl-class\" id=\"wppb-form-element-51\">\n\t\t\t\t<label for=\"responsable\"><\/label>\n\t\t\t\t<textarea rows=\"3\" name=\"responsable\" maxlength=\"\" class=\"custom_field_textarea \" id=\"responsable\" wrap=\"virtual\" placeholder = \"\"><\/textarea><span class=\"wppb-description-delimiter\">En el caso de que est\u00e9 haciendo el registro de alguna persona mayor a 60 a\u00f1os o usted tenga 60 a\u00f1os, favor de agregar nombre, n\u00famero de celular y correo electr\u00f3nico del familiar responsable, para poder facilitar el contacto.<\/span><\/li><li class=\"wppb-form-field wppb-heading pbpl-class\" id=\"wppb-form-element-25\"><h4 class=\"extra_field_heading\">S\u00edntomas<\/h4><span class=\"wppb-description-delimiter\"><\/span><\/li><li class=\"wppb-form-field wppb-input pbpl-class\" id=\"wppb-form-element-26\">\n\t\t\t\t<label for=\"sinto1\">S\u00edntoma o molestia<span class=\"wppb-required\" title=\"This field is required\">*<\/span><\/label>\n\t\t\t\t<input class=\"extra_field_input \" name=\"sinto1\" maxlength=\"250\" type=\"text\" id=\"sinto1\" value=\"\" placeholder = \"S\u00edntoma o molestia*\"\/><\/li><li class=\"wppb-form-field wppb-heading pbpl-class\" id=\"wppb-form-element-35\"><h4 class=\"extra_field_heading\">Documentos adjuntos (Los siguientes datos no son obligatorios)<\/h4><span class=\"wppb-description-delimiter\">(si los documentos cuentan con varias hojas deber\u00e1n subirse en formato PDF)<\/span><\/li><li class=\"wppb-form-field wppb-upload pbpl-class\" id=\"wppb-form-element-38\"><label for=\"archadicio\">Resumen cl\u00ednico<\/label><input type=\"file\" id=\"upload_archadicio_button\" class=\"wppb_simple_upload\" name=\"simple_upload_archadicio\"><p id=\"p_simple_upload_archadicio\"><\/p><input id=\"allowed_extensions_simple_upload_archadicio\" type=\"hidden\" size=\"36\" name=\"allowed_extensions_simple_upload_archadicio\" value=\"pdf,jpeg,png,jpg\"\/><input id=\"archadicio\" type=\"hidden\" size=\"36\" name=\"archadicio\" value=\"\"\/><\/li><li class=\"wppb-form-field wppb-upload pbpl-class\" id=\"wppb-form-element-37\"><label for=\"labora\">Laboratorios<\/label><input type=\"file\" id=\"upload_labora_button\" class=\"wppb_simple_upload\" name=\"simple_upload_labora\"><p id=\"p_simple_upload_labora\"><\/p><input id=\"allowed_extensions_simple_upload_labora\" type=\"hidden\" size=\"36\" name=\"allowed_extensions_simple_upload_labora\" value=\"pdf,jpeg,png,jpg\"\/><input id=\"labora\" type=\"hidden\" size=\"36\" name=\"labora\" value=\"\"\/><\/li><li class=\"wppb-form-field wppb-recaptcha pbpl-class wppb-recaptcha-v3\" id=\"wppb-form-element-50\"><div id=\"wppb-recaptcha-element-pb_register1\" class=\"wppb-recaptcha-element wppb-v3-recaptcha\"><input type=\"hidden\" name=\"g-recaptcha-response\" class=\"g-recaptcha-response wppb-v3-recaptcha\"><\/div><input type=\"hidden\" name=\"wppb-recaptcha-v3\" value=\"1\"><\/li><\/ul><ul><\/ul>\t\t\t<p class=\"form-submit\"  >\n\t\t\t\t                \t\t\t\t<input name=\"register\" type=\"submit\" id=\"register\" class=\"submit button\" value=\"Register\" \/>\n                <input name=\"redirect_to\" type=\"hidden\" value=\"\" \/>\n                \t\t\t\t<input name=\"action\" type=\"hidden\" id=\"action\" value=\"register\" \/>\n\t\t\t\t<input name=\"form_name\" type=\"hidden\" id=\"form_name\" value=\"unspecified\" \/>\n\t\t\t\t<input name=\"form_id\" type=\"hidden\" id=\"form_id\" value=\"\" \/>\n\t\t\t\t\t\t\t<\/p><!-- .form-submit -->\n\t\t\t<input type=\"hidden\" id=\"register_unspecified_nonce_field\" name=\"register_unspecified_nonce_field\" value=\"c2a218e499\" \/><input type=\"hidden\" name=\"_wp_http_referer\" value=\"\/pc\/wp-json\/wp\/v2\/pages\/19\" \/>\t\t<\/form>\n\t\t<\/em><\/p>\n\n\n\n<p><\/p>\n","protected":false},"excerpt":{"rendered":"<div class=\"entry-summary\">\nSISTEMA DE PRECONSULTA Te damos la bienvenida a la plataforma de registro&hellip;\n<\/div>\n<div class=\"link-more\"><a href=\"https:\/\/useic.com.mx\/pc\/\" class=\"more-link\">Seguir leyendo&hellip;<\/a><\/div>\n","protected":false},"author":1,"featured_media":0,"parent":0,"menu_order":0,"comment_status":"closed","ping_status":"closed","template":"page-template\/_fullwidth.php","meta":{"_acf_changed":false,"footnotes":""},"class_list":["post-19","page","type-page","status-publish","hentry","entry"],"acf":[],"_links":{"self":[{"href":"https:\/\/useic.com.mx\/pc\/wp-json\/wp\/v2\/pages\/19","targetHints":{"allow":["GET"]}}],"collection":[{"href":"https:\/\/useic.com.mx\/pc\/wp-json\/wp\/v2\/pages"}],"about":[{"href":"https:\/\/useic.com.mx\/pc\/wp-json\/wp\/v2\/types\/page"}],"author":[{"embeddable":true,"href":"https:\/\/useic.com.mx\/pc\/wp-json\/wp\/v2\/users\/1"}],"replies":[{"embeddable":true,"href":"https:\/\/useic.com.mx\/pc\/wp-json\/wp\/v2\/comments?post=19"}],"version-history":[{"count":17,"href":"https:\/\/useic.com.mx\/pc\/wp-json\/wp\/v2\/pages\/19\/revisions"}],"predecessor-version":[{"id":22990,"href":"https:\/\/useic.com.mx\/pc\/wp-json\/wp\/v2\/pages\/19\/revisions\/22990"}],"wp:attachment":[{"href":"https:\/\/useic.com.mx\/pc\/wp-json\/wp\/v2\/media?parent=19"}],"curies":[{"name":"wp","href":"https:\/\/api.w.org\/{rel}","templated":true}]}}